{"id":972,"date":"2014-11-04T18:48:22","date_gmt":"2014-11-04T17:48:22","guid":{"rendered":"http:\/\/www.epilepsija.hr\/?page_id=972"},"modified":"2016-02-16T21:16:52","modified_gmt":"2016-02-16T20:16:52","slug":"online-savjetovaliste-za-epilepsiju","status":"publish","type":"page","link":"https:\/\/www.epilepsija.hr\/?page_id=972","title":{"rendered":"Online savjetovali\u0161te za epilepsiju"},"content":{"rendered":"<p>Tijekom 2014. i 2015.g. Hrvatska udruga za epilepsiju je provodila projekt Online savjetovali\u0161ta za epilepsiju. Prikazano je ukupno 10 video prezentacija, a u svakoj je jedan (ili nekoliko) predava\u010da obradio odre\u0111eni aspekt \u017eivota s epilepsijom, njene dijagnostike ili lije\u010denja. \u00a0Svaka od prezentacija mogla se pogledati na na\u0161oj web stranici otprilike mjesec dana, a u tom trajanju su svi zainteresirani mogli doti\u010dnom predava\u010du (lije\u010dniku neurologu, pedijatru, psihologu, lije\u010dniku medicine rada, ili obitelji koja ima \u010dlana s epilepsijom) postaviti anonimno pitanje vezano uz prikazanu temu. Zahvaljujemo svima Vama koji ste sudjelovali u ovom projektu, nadamo ste da saznali mnogo korisnih informacija koje \u0107e pomo\u0107i Vama ili Va\u0161im bli\u017enjima. Projekt kao takav je zavr\u0161io, no sve prezentacije jo\u0161 uvijek mo\u017eete pogledati na sljede\u0107em linku:\u00a0<a href=\"https:\/\/vimeo.com\/user33981751\/videos\">https:\/\/vimeo.com\/user33981751\/videos<\/a><\/p>\n<p>&nbsp;<\/p>\n","protected":false},"excerpt":{"rendered":"<p>Tijekom 2014. i 2015.g. Hrvatska udruga za epilepsiju je provodila projekt Online savjetovali\u0161ta za epilepsiju. Prikazano je ukupno 10 video prezentacija, a u svakoj je jedan (ili nekoliko) predava\u010da obradio odre\u0111eni aspekt \u017eivota s epilepsijom, njene dijagnostike ili lije\u010denja. \u00a0Svaka od prezentacija mogla se pogledati na na\u0161oj web stranici otprilike mjesec dana, a u tom &hellip; <a href=\"https:\/\/www.epilepsija.hr\/?page_id=972\" class=\"more-link\">Nastavi \u010ditati <span class=\"screen-reader-text\">Online savjetovali\u0161te za epilepsiju<\/span> <span class=\"meta-nav\">&rarr;<\/span><\/a><\/p>\n","protected":false},"author":1,"featured_media":0,"parent":100,"menu_order":0,"comment_status":"closed","ping_status":"closed","template":"","meta":{"footnotes":""},"_links":{"self":[{"href":"https:\/\/www.epilepsija.hr\/index.php?rest_route=\/wp\/v2\/pages\/972"}],"collection":[{"href":"https:\/\/www.epilepsija.hr\/index.php?rest_route=\/wp\/v2\/pages"}],"about":[{"href":"https:\/\/www.epilepsija.hr\/index.php?rest_route=\/wp\/v2\/types\/page"}],"author":[{"embeddable":true,"href":"https:\/\/www.epilepsija.hr\/index.php?rest_route=\/wp\/v2\/users\/1"}],"replies":[{"embeddable":true,"href":"https:\/\/www.epilepsija.hr\/index.php?rest_route=%2Fwp%2Fv2%2Fcomments&post=972"}],"version-history":[{"count":32,"href":"https:\/\/www.epilepsija.hr\/index.php?rest_route=\/wp\/v2\/pages\/972\/revisions"}],"predecessor-version":[{"id":1350,"href":"https:\/\/www.epilepsija.hr\/index.php?rest_route=\/wp\/v2\/pages\/972\/revisions\/1350"}],"up":[{"embeddable":true,"href":"https:\/\/www.epilepsija.hr\/index.php?rest_route=\/wp\/v2\/pages\/100"}],"wp:attachment":[{"href":"https:\/\/www.epilepsija.hr\/index.php?rest_route=%2Fwp%2Fv2%2Fmedia&parent=972"}],"curies":[{"name":"wp","href":"https:\/\/api.w.org\/{rel}","templated":true}]}}