{"id":9,"date":"2012-01-08T13:18:00","date_gmt":"2012-01-08T12:18:00","guid":{"rendered":"http:\/\/www.epilepsija.hr\/?page_id=9"},"modified":"2023-04-04T20:25:22","modified_gmt":"2023-04-04T19:25:22","slug":"kontakti","status":"publish","type":"page","link":"https:\/\/www.epilepsija.hr\/?page_id=9","title":{"rendered":"Kontakti"},"content":{"rendered":"<div style=\"text-align: left;\">\n<p><a href=\"https:\/\/maps.google.hr\/maps?q=sveti+duh+64&amp;um=1&amp;ie=UTF-8&amp;hq=&amp;hnear=0x4765d6d5820147cf:0xaf77f00af915ad25,Sveti+Duh+64,+10000,+Zagreb&amp;gl=hr&amp;ei=kikLT_voLIjW0QGi9eXFAg&amp;sa=X&amp;oi=geocode_result&amp;ct=image&amp;resnum=1&amp;ved=0CB8Q8gEwAA\" target=\"_blank\" rel=\"https:\/\/maps.google.hr\/maps?q=sveti+duh+64&amp;um=1&amp;ie=UTF-8&amp;hq=&amp;hnear=0x4765d6d5820147cf:0xaf77f00af915ad25,Sveti+Duh+64,+10000,+Zagreb&amp;gl=hr&amp;ei=kikLT_voLIjW0QGi9eXFAg&amp;sa=X&amp;oi=geocode_result&amp;ct=image&amp;resnum=1&amp;ved=0CB8Q8gEwAA noopener noreferrer\"><img loading=\"lazy\" decoding=\"async\" class=\"alignright\" title=\"Gdje smo\" src=\"http:\/\/www.google.hr\/maps\/vt\/data=Ay5GWBeob_WIPLDYoIWcfVXxvZu9XwJ55OX7Ag,jA54vEhxZK_vvPitZwbOD4rko328AN-VXDQM0M_Z6NpuQurcVB0h4rC5_j9CpkRFlFvLmn_cZbRpU3mFFySr7YwKR9cqOWZDY1YLPnpK\" alt=\"\" width=\"270\" height=\"185\"><\/a><strong>Adresa:<\/strong><\/p>\n<div style=\"text-align: left;\">Hrvatska udruga za epilepsiju<\/div>\n<div style=\"text-align: left;\">Klini\u010dka bolnica &#8220;Sveti Duh&#8221; Klinika za neurologiju<\/div>\n<div style=\"text-align: left;\">Sveti Duh 64<\/div>\n<div style=\"text-align: left;\">HR-10000 ZAGREB<\/div>\n<div style=\"text-align: left;\"><strong>Postanite \u010dlanom Udruge! <a href=\"https:\/\/www.epilepsija.hr\/wp-content\/uploads\/pristupnica-2023.docx\" target=\"_blank\" rel=\"noopener\">pristupnica<\/a><\/strong><\/div>\n<h4 style=\"text-align: left;\">&nbsp;<\/h4>\n<address>&nbsp;<\/address>\n<address>&nbsp;<\/address>\n<address>&nbsp;<\/address>\n<p><strong>&nbsp;Kontakt obrazac:&nbsp;<\/strong><\/p>\n<h3><div role=\"form\" class=\"wpcf7\" id=\"wpcf7-f240-o1\" dir=\"ltr\">\n<div class=\"screen-reader-response\"><p role=\"status\" aria-live=\"polite\" aria-atomic=\"true\"><\/p> <ul><\/ul><\/div>\n<form action=\"\/index.php?rest_route=%2Fwp%2Fv2%2Fpages%2F9#wpcf7-f240-o1\" method=\"post\" class=\"wpcf7-form init\" novalidate=\"novalidate\" data-status=\"init\">\n<div style=\"display: none;\">\n<input type=\"hidden\" name=\"_wpcf7\" value=\"240\" \/>\n<input type=\"hidden\" name=\"_wpcf7_version\" value=\"5.4.2\" \/>\n<input type=\"hidden\" name=\"_wpcf7_locale\" value=\"\" \/>\n<input type=\"hidden\" name=\"_wpcf7_unit_tag\" value=\"wpcf7-f240-o1\" \/>\n<input type=\"hidden\" name=\"_wpcf7_container_post\" value=\"0\" \/>\n<input type=\"hidden\" name=\"_wpcf7_posted_data_hash\" value=\"\" \/>\n<\/div>\n<p>Va\u0161e ime\/pseudonim (obavezno)<br \/>\n    <span class=\"wpcf7-form-control-wrap your-name\"><input type=\"text\" name=\"your-name\" value=\"\" size=\"40\" class=\"wpcf7-form-control wpcf7-text wpcf7-validates-as-required\" aria-required=\"true\" aria-invalid=\"false\" \/><\/span> <\/p>\n<p>Va\u0161 Email (obavezno)<br \/>\n    <span class=\"wpcf7-form-control-wrap your-email\"><input type=\"email\" name=\"your-email\" value=\"\" size=\"40\" class=\"wpcf7-form-control wpcf7-text wpcf7-email wpcf7-validates-as-required wpcf7-validates-as-email\" aria-required=\"true\" aria-invalid=\"false\" \/><\/span> <\/p>\n<p>Predmet<br \/>\n    <span class=\"wpcf7-form-control-wrap your-subject\"><input type=\"text\" name=\"your-subject\" value=\"\" size=\"40\" class=\"wpcf7-form-control wpcf7-text\" aria-invalid=\"false\" \/><\/span> <\/p>\n<p>Va\u0161a Poruka<br \/>\n    <span class=\"wpcf7-form-control-wrap your-message\"><textarea name=\"your-message\" cols=\"40\" rows=\"10\" class=\"wpcf7-form-control wpcf7-textarea\" aria-invalid=\"false\"><\/textarea><\/span> <\/p>\n<p><input type=\"submit\" value=\"Po\u0161alji\" class=\"wpcf7-form-control wpcf7-submit\" \/><\/p>\n<input type='hidden' class='wpcf7-pum' value='{\"closepopup\":false,\"closedelay\":0,\"openpopup\":false,\"openpopup_id\":0}' \/><div class=\"wpcf7-response-output\" aria-hidden=\"true\"><\/div><\/form><\/div><\/h3>\n<p><strong>E-mail<\/strong>: <img loading=\"lazy\" decoding=\"async\" class=\"size-full wp-image-962 alignnone\" src=\"http:\/\/www.epilepsija.hr\/wp-content\/uploads\/info.jpg\" alt=\"info\" width=\"145\" height=\"22\"><\/p>\n<p><strong>Telefon<\/strong>: +385 1 3712 115 (radnim danom 8-14 sati)<\/p>\n<p><strong>Telefax<\/strong>:&nbsp;+385 1 3712 372<\/p>\n<p><strong>IBAN<\/strong>:&nbsp;HR92 2340 0091 1100 9538 2 (Napomena: ukoliko upla\u0107ujete donaciju, u model pla\u0107anja mo\u017eete upisati 99, poziv na broj mo\u017ee ostati prazan, a u svrhu pla\u0107anja unesite &#8220;Donacija&#8221;).<\/p>\n<p><strong>OIB:&nbsp;<\/strong>35185002680<\/p>\n<p><strong>Mati\u010dni<\/strong> <strong>broj<\/strong>:&nbsp;1301152<\/p>\n<p><strong>Facebook<\/strong>:&nbsp;<a href=\"https:\/\/www.facebook.com\/HrvatskaUdrugaZaEpilepsiju\">https:\/\/www.facebook.com\/HrvatskaUdrugaZaEpilepsiju<\/a><\/p>\n<p><strong>Osobe za kontakt:&nbsp;<\/strong>Predsjednica Udruge: prim. Ana Sruk, specijalist neurologije &#8211; u\u017ei specijalist epileptologije<\/p>\n<p><strong>Mobitel: <\/strong>&nbsp;+385 91 3712 313<\/p>\n<h3><span style=\"font-size: x-small;\"><span style=\"line-height: 24px;\">&nbsp;<\/span><\/span><\/h3>\n<\/div>\n","protected":false},"excerpt":{"rendered":"<p>Adresa: Hrvatska udruga za epilepsiju Klini\u010dka bolnica &#8220;Sveti Duh&#8221; Klinika za neurologiju Sveti Duh 64 HR-10000 ZAGREB Postanite \u010dlanom Udruge! pristupnica &nbsp; &nbsp; &nbsp; &nbsp; &nbsp;Kontakt obrazac:&nbsp; E-mail: Telefon: +385 1 3712 115 (radnim danom 8-14 sati) Telefax:&nbsp;+385 1 3712 372 IBAN:&nbsp;HR92 2340 0091 1100 9538 2 (Napomena: ukoliko upla\u0107ujete donaciju, u model pla\u0107anja mo\u017eete &hellip; <a href=\"https:\/\/www.epilepsija.hr\/?page_id=9\" class=\"more-link\">Nastavi \u010ditati <span class=\"screen-reader-text\">Kontakti<\/span> <span class=\"meta-nav\">&rarr;<\/span><\/a><\/p>\n","protected":false},"author":1,"featured_media":0,"parent":0,"menu_order":8,"comment_status":"closed","ping_status":"closed","template":"","meta":{"footnotes":""},"_links":{"self":[{"href":"https:\/\/www.epilepsija.hr\/index.php?rest_route=\/wp\/v2\/pages\/9"}],"collection":[{"href":"https:\/\/www.epilepsija.hr\/index.php?rest_route=\/wp\/v2\/pages"}],"about":[{"href":"https:\/\/www.epilepsija.hr\/index.php?rest_route=\/wp\/v2\/types\/page"}],"author":[{"embeddable":true,"href":"https:\/\/www.epilepsija.hr\/index.php?rest_route=\/wp\/v2\/users\/1"}],"replies":[{"embeddable":true,"href":"https:\/\/www.epilepsija.hr\/index.php?rest_route=%2Fwp%2Fv2%2Fcomments&post=9"}],"version-history":[{"count":36,"href":"https:\/\/www.epilepsija.hr\/index.php?rest_route=\/wp\/v2\/pages\/9\/revisions"}],"predecessor-version":[{"id":3704,"href":"https:\/\/www.epilepsija.hr\/index.php?rest_route=\/wp\/v2\/pages\/9\/revisions\/3704"}],"wp:attachment":[{"href":"https:\/\/www.epilepsija.hr\/index.php?rest_route=%2Fwp%2Fv2%2Fmedia&parent=9"}],"curies":[{"name":"wp","href":"https:\/\/api.w.org\/{rel}","templated":true}]}}