{"id":656,"date":"2013-08-28T09:13:29","date_gmt":"2013-08-28T08:13:29","guid":{"rendered":"http:\/\/www.epilepsija.hr\/?page_id=656"},"modified":"2013-08-28T09:13:29","modified_gmt":"2013-08-28T08:13:29","slug":"europska-deklaracija-o-epilepsiji","status":"publish","type":"page","link":"https:\/\/www.epilepsija.hr\/?page_id=656","title":{"rendered":"Europska deklaracija o epilepsiji"},"content":{"rendered":"<p><strong>0022\/2011<\/strong><\/p>\n<p><strong>Pisana deklaracija o epilepsiji<\/strong><\/p>\n<p>&nbsp;<\/p>\n<p>Europski parlament,<\/p>\n<p>U skladu s \u010dlankom 123 svojeg poslovnika,<\/p>\n<p>A. Zbog toga \u0161to je epilepsija naj\u010de\u0161\u0107i ozbiljni poreme\u0107aj mo\u017edane funkcije,<\/p>\n<p>B. Zbog toga \u0161to 6 000 000 ljudi u Europi boluje od epilepsije, a 300 000 je novodijagnosticiranih slu\u010dajeva godi\u0161nje,<\/p>\n<p>C. Zbog toga \u0161to uz ispravno lije\u010denje do 70% osoba s epilepsijom ne bi imalo napadaje, a 40% osoba s epilepsijom u Europi ne prima takvo lije\u010denje,<\/p>\n<p>D. Zbog toga \u0161to 40% djece s epilepsijom ima probleme u \u0161koli,<\/p>\n<p>E. Zbog toga \u0161to je stopa nezaposlenosti me\u0111u osobama s epilepsijom u Europi visoka,<\/p>\n<p>F. Zbog toga \u0161to su osobe s epilepsijom izlo\u017eene stigmatizaciji i predrasudama,<\/p>\n<p>G. Zbog toga \u0161to epilepsija \u0161kodi zdravlju, ali tako\u0111er remeti sve aspekte \u017eivota, te lako mo\u017ee postati fizi\u010dko, psihi\u010dko i socijalno breme pojedincima i njihovim obiteljima,<\/p>\n<p>1. Poziva Komisiju i Vije\u0107e na:<\/p>\n<p>&#8211; Poticanje istra\u017eivanja i inovacije u podru\u010dju prevencije, rane dijagnoze i lije\u010denja epilepsije;<\/p>\n<p>&#8211; Davanje prioriteta epilepsiji kao te\u0161koj bolesti koja diljem Europe predstavlja veliko breme;<\/p>\n<p>&#8211; Poduzimanje inicijativa koje \u0107e potaknuti dr\u017eave \u010dlanice da osiguraju jednaku kvalitetu \u017eivota osobama s epilepsijom, uklju\u010duju\u0107i u podru\u010djima obrazovanja, zapo\u0161ljavanja, prijevoza i zdravstvene za\u0161tite, na primjer poticanjem razmjene iskustava iz klini\u010dke prakse;<\/p>\n<p>&#8211; Poticanje u\u010dinkovite zdravstvene evaluacije prilikom dono\u0161enja svih najva\u017enijih europskih i nacionalnih politika;<\/p>\n<p>2. Poziva dr\u017eave \u010dlanice na uspostavljanje prikladnog zakonodavstva koji \u0161titi prava svih osoba s epilepsijom;<\/p>\n<p>3. Upu\u0107uje svog predsjednika na proslije\u0111ivanje ove deklaracije, zajedno sa imenima potpisnika, Komisiji i saborima dr\u017eava \u010dlanica.<\/p>\n","protected":false},"excerpt":{"rendered":"<p>0022\/2011 Pisana deklaracija o epilepsiji &nbsp; Europski parlament, U skladu s \u010dlankom 123 svojeg poslovnika, A. Zbog toga \u0161to je epilepsija naj\u010de\u0161\u0107i ozbiljni poreme\u0107aj mo\u017edane funkcije, B. Zbog toga \u0161to 6 000 000 ljudi u Europi boluje od epilepsije, a 300 000 je novodijagnosticiranih slu\u010dajeva godi\u0161nje, C. Zbog toga \u0161to uz ispravno lije\u010denje do 70% &hellip; <a href=\"https:\/\/www.epilepsija.hr\/?page_id=656\" class=\"more-link\">Nastavi \u010ditati <span class=\"screen-reader-text\">Europska deklaracija o epilepsiji<\/span> <span class=\"meta-nav\">&rarr;<\/span><\/a><\/p>\n","protected":false},"author":1,"featured_media":0,"parent":55,"menu_order":5,"comment_status":"closed","ping_status":"closed","template":"","meta":{"footnotes":""},"_links":{"self":[{"href":"https:\/\/www.epilepsija.hr\/index.php?rest_route=\/wp\/v2\/pages\/656"}],"collection":[{"href":"https:\/\/www.epilepsija.hr\/index.php?rest_route=\/wp\/v2\/pages"}],"about":[{"href":"https:\/\/www.epilepsija.hr\/index.php?rest_route=\/wp\/v2\/types\/page"}],"author":[{"embeddable":true,"href":"https:\/\/www.epilepsija.hr\/index.php?rest_route=\/wp\/v2\/users\/1"}],"replies":[{"embeddable":true,"href":"https:\/\/www.epilepsija.hr\/index.php?rest_route=%2Fwp%2Fv2%2Fcomments&post=656"}],"version-history":[{"count":3,"href":"https:\/\/www.epilepsija.hr\/index.php?rest_route=\/wp\/v2\/pages\/656\/revisions"}],"predecessor-version":[{"id":659,"href":"https:\/\/www.epilepsija.hr\/index.php?rest_route=\/wp\/v2\/pages\/656\/revisions\/659"}],"up":[{"embeddable":true,"href":"https:\/\/www.epilepsija.hr\/index.php?rest_route=\/wp\/v2\/pages\/55"}],"wp:attachment":[{"href":"https:\/\/www.epilepsija.hr\/index.php?rest_route=%2Fwp%2Fv2%2Fmedia&parent=656"}],"curies":[{"name":"wp","href":"https:\/\/api.w.org\/{rel}","templated":true}]}}