{"id":55,"date":"2012-01-09T11:35:01","date_gmt":"2012-01-09T10:35:01","guid":{"rendered":"http:\/\/www.epilepsija.hr\/?page_id=55"},"modified":"2012-01-28T16:34:07","modified_gmt":"2012-01-28T15:34:07","slug":"sto-treba-znati","status":"publish","type":"page","link":"https:\/\/www.epilepsija.hr\/?page_id=55","title":{"rendered":"\u0160to treba znati?"},"content":{"rendered":"<p><a title=\"Osnovne informacije\" href=\"http:\/\/www.epilepsija.hr\/?page_id=15\">Osnovne informacije<\/a><\/p>\n<p><a title=\"Popis najva\u017enijih pojmova\" href=\"http:\/\/www.epilepsija.hr\/?page_id=18\">Popis najva\u017enijih pojmova<\/a><\/p>\n<p><a title=\"Kako pomo\u0107i osobi koja ima napadaj?\" href=\"http:\/\/www.epilepsija.hr\/?page_id=31\">Kako pomo\u0107i osobi koja ima napadaj?<\/a><\/p>\n<h6 align=\"center\"><\/h6>\n<h6 align=\"center\">UPOZORENJE:<\/h6>\n<h6 align=\"justify\">Ova\u00a0 web-stranica sastavljena je tako da korisnici mogu na\u0107i osnovne informacije o epilepsiji. Me\u0111utim, \u010ditatelji se upozoravaju da na temelju ovdje navedenih\u00a0 podataka,\u00a0 bez prethodne\u00a0 konzultacije s lije\u010dnikom,\u00a0 samostalno ne mijenjaju na\u010din lije\u010denja koji im je propisan.<\/h6>\n","protected":false},"excerpt":{"rendered":"<p>Osnovne informacije Popis najva\u017enijih pojmova Kako pomo\u0107i osobi koja ima napadaj? UPOZORENJE: Ova\u00a0 web-stranica sastavljena je tako da korisnici mogu na\u0107i osnovne informacije o epilepsiji. Me\u0111utim, \u010ditatelji se upozoravaju da na temelju ovdje navedenih\u00a0 podataka,\u00a0 bez prethodne\u00a0 konzultacije s lije\u010dnikom,\u00a0 samostalno ne mijenjaju na\u010din lije\u010denja koji im je propisan.<\/p>\n","protected":false},"author":1,"featured_media":0,"parent":0,"menu_order":4,"comment_status":"closed","ping_status":"open","template":"","meta":{"footnotes":""},"_links":{"self":[{"href":"https:\/\/www.epilepsija.hr\/index.php?rest_route=\/wp\/v2\/pages\/55"}],"collection":[{"href":"https:\/\/www.epilepsija.hr\/index.php?rest_route=\/wp\/v2\/pages"}],"about":[{"href":"https:\/\/www.epilepsija.hr\/index.php?rest_route=\/wp\/v2\/types\/page"}],"author":[{"embeddable":true,"href":"https:\/\/www.epilepsija.hr\/index.php?rest_route=\/wp\/v2\/users\/1"}],"replies":[{"embeddable":true,"href":"https:\/\/www.epilepsija.hr\/index.php?rest_route=%2Fwp%2Fv2%2Fcomments&post=55"}],"version-history":[{"count":5,"href":"https:\/\/www.epilepsija.hr\/index.php?rest_route=\/wp\/v2\/pages\/55\/revisions"}],"predecessor-version":[{"id":80,"href":"https:\/\/www.epilepsija.hr\/index.php?rest_route=\/wp\/v2\/pages\/55\/revisions\/80"}],"wp:attachment":[{"href":"https:\/\/www.epilepsija.hr\/index.php?rest_route=%2Fwp%2Fv2%2Fmedia&parent=55"}],"curies":[{"name":"wp","href":"https:\/\/api.w.org\/{rel}","templated":true}]}}