{"id":4,"date":"2012-01-08T13:03:02","date_gmt":"2012-01-08T12:03:02","guid":{"rendered":"http:\/\/www.epilepsija.hr\/?page_id=4"},"modified":"2021-10-05T17:53:18","modified_gmt":"2021-10-05T16:53:18","slug":"o-nama","status":"publish","type":"page","link":"https:\/\/www.epilepsija.hr\/?page_id=4","title":{"rendered":"O nama"},"content":{"rendered":"<p style=\"text-align: left;\" align=\"justify\"><strong>Postanite \u010dlanom Udruge! <a href=\"https:\/\/www.epilepsija.hr\/wp-content\/uploads\/pristupnica-2019.docx\">pristupnica<\/a><\/strong><\/p>\n<p align=\"justify\">Hrvatska udruga za epilepsiju&nbsp;osnovana je 1997. godine, a prvi predsjednik bio je prim. dr. Drago \u0160karpa. Iste godine Udruga je postala punopravni \u010dlan Me\u0111unarodnog biroa za epilepsiju (International Bureau for Epilepsy &#8211;&nbsp;<a href=\"http:\/\/www.ibe-epilepsy.org\/\" target=\"_blank\" rel=\"noopener\">www.ibe-epilepsy.org<\/a>).<\/p>\n<p align=\"justify\">CILJ HRVATSKE UDRUGE ZA EPILEPSIJU<\/p>\n<p>&nbsp; &nbsp; &nbsp; &nbsp; &nbsp; &nbsp; &nbsp;Cilj Udruge je unaprje\u0111enje kvalitete \u017eivota, kako svih osoba s epilepsijom, tako i njihovih obitelji, te omogu\u0107ivanje boljeg razumijevanja prirode epilepsije i potrebe osoba s epilepsijom.<\/p>\n<p>\u010cLANSTVO:<\/p>\n<p>\u010clanovi Udruge mogu postati osobe koje imaju epilepsiju, \u010dlanovi njihovih obitelji, &nbsp;lije\u010dnici i drugi zdravstveni djelatnici koji se profesionalno bave epilepsijom, ali i svi ostali gra\u0111ani RH koji \u017eele doprinijeti ciljevima Udruge.<\/p>\n<p>DJELATNOSTI:<\/p>\n<ul>\n<li>Edukacija osoba s epilepsijom, \u010dlanova njihovih obitelji, kao i \u0161ire dru\u0161tvene zajednice&nbsp; o medicinskim i dru\u0161tvenim aspektima epilepsije.<\/li>\n<li>Poticanje dru\u017eenja, razmjena znanja i iskustava osoba koje boluju od epilepsije, njihovih ro\u0111aka i prijatelja<\/li>\n<li>Izdavanje knjiga i bro\u0161ura, audiovizualnih&nbsp; i elektroni\u010dkih&nbsp; materijala koji se bave epilepsijom.<\/li>\n<li>Organizacija sastanaka i seminara o razli\u010ditim medicinskim i socijalnim aspektima epilepsije.<\/li>\n<li>Razmjena informacija o dru\u0161tvenoj i medicinskoj skrbi osoba s epilepsijom sa sli\u010dnim udrugama u svijetu.<\/li>\n<li>Istra\u017eivanje socijalnih aspekata epilepsije.<\/li>\n<li>Suradnja s Hrvatskom ligom protiv epilepsije i me\u0111unarnodnom organizacijom \u201cInternational Bureau for Epilepsy\u201d.<\/li>\n<\/ul>\n<p>&nbsp;<\/p>\n<p>&nbsp;<\/p>\n<div>Da biste postali \u010dlan Hrvatske udruge za epilepsiju, potrebna je <a href=\"https:\/\/www.epilepsija.hr\/wp-content\/uploads\/pristupnica-2019.docx\">pristupnica<\/a>. &nbsp;Ispunjenu pristupnicu potrebno je poslati po\u0161tom na adresu Udruge ili je osobno uru\u010diti na sastanku.<\/div>\n","protected":false},"excerpt":{"rendered":"<p>Postanite \u010dlanom Udruge! pristupnica Hrvatska udruga za epilepsiju&nbsp;osnovana je 1997. godine, a prvi predsjednik bio je prim. dr. Drago \u0160karpa. Iste godine Udruga je postala punopravni \u010dlan Me\u0111unarodnog biroa za epilepsiju (International Bureau for Epilepsy &#8211;&nbsp;www.ibe-epilepsy.org). CILJ HRVATSKE UDRUGE ZA EPILEPSIJU &nbsp; &nbsp; &nbsp; &nbsp; &nbsp; &nbsp; &nbsp;Cilj Udruge je unaprje\u0111enje kvalitete \u017eivota, kako svih &hellip; <a href=\"https:\/\/www.epilepsija.hr\/?page_id=4\" class=\"more-link\">Nastavi \u010ditati <span class=\"screen-reader-text\">O nama<\/span> <span class=\"meta-nav\">&rarr;<\/span><\/a><\/p>\n","protected":false},"author":1,"featured_media":0,"parent":0,"menu_order":2,"comment_status":"closed","ping_status":"closed","template":"","meta":{"footnotes":""},"_links":{"self":[{"href":"https:\/\/www.epilepsija.hr\/index.php?rest_route=\/wp\/v2\/pages\/4"}],"collection":[{"href":"https:\/\/www.epilepsija.hr\/index.php?rest_route=\/wp\/v2\/pages"}],"about":[{"href":"https:\/\/www.epilepsija.hr\/index.php?rest_route=\/wp\/v2\/types\/page"}],"author":[{"embeddable":true,"href":"https:\/\/www.epilepsija.hr\/index.php?rest_route=\/wp\/v2\/users\/1"}],"replies":[{"embeddable":true,"href":"https:\/\/www.epilepsija.hr\/index.php?rest_route=%2Fwp%2Fv2%2Fcomments&post=4"}],"version-history":[{"count":15,"href":"https:\/\/www.epilepsija.hr\/index.php?rest_route=\/wp\/v2\/pages\/4\/revisions"}],"predecessor-version":[{"id":3428,"href":"https:\/\/www.epilepsija.hr\/index.php?rest_route=\/wp\/v2\/pages\/4\/revisions\/3428"}],"wp:attachment":[{"href":"https:\/\/www.epilepsija.hr\/index.php?rest_route=%2Fwp%2Fv2%2Fmedia&parent=4"}],"curies":[{"name":"wp","href":"https:\/\/api.w.org\/{rel}","templated":true}]}}