{"id":3185,"date":"2019-09-05T23:02:25","date_gmt":"2019-09-05T22:02:25","guid":{"rendered":"http:\/\/www.epilepsija.hr\/?page_id=3185"},"modified":"2023-04-04T22:03:32","modified_gmt":"2023-04-04T21:03:32","slug":"sponzoridonatori","status":"publish","type":"page","link":"https:\/\/www.epilepsija.hr\/?page_id=3185","title":{"rendered":"SPONZORI\/DONATORI"},"content":{"rendered":"<p>Hrvatska udruga za epilepsiju zahvaljuje svim svojim donatorima i sponzorima bez kojih na\u0161e vi\u0161egodi\u0161nje djelovanje i prepoznatljivi projekti od javno-zdravstvene va\u017enosti ne bi bili mogu\u0107i niti ostvarivi.<\/p>\n<p>Od srca hvala!<\/p>\n<p>&nbsp;<\/p>\n\n<div class=\"wp-block-image\">\n<figure class=\"aligncenter size-full\"><img loading=\"lazy\" decoding=\"async\" width=\"1414\" height=\"2000\" src=\"https:\/\/www.epilepsija.hr\/wp-content\/uploads\/sponzori-HUE.png\" alt=\"\" class=\"wp-image-3705\"\/><\/figure><\/div>","protected":false},"excerpt":{"rendered":"<p>Hrvatska udruga za epilepsiju zahvaljuje svim svojim donatorima i sponzorima bez kojih na\u0161e vi\u0161egodi\u0161nje djelovanje i prepoznatljivi projekti od javno-zdravstvene va\u017enosti ne bi bili mogu\u0107i niti ostvarivi. Od srca hvala! &nbsp;<\/p>\n","protected":false},"author":1,"featured_media":0,"parent":0,"menu_order":8,"comment_status":"closed","ping_status":"closed","template":"","meta":{"footnotes":""},"_links":{"self":[{"href":"https:\/\/www.epilepsija.hr\/index.php?rest_route=\/wp\/v2\/pages\/3185"}],"collection":[{"href":"https:\/\/www.epilepsija.hr\/index.php?rest_route=\/wp\/v2\/pages"}],"about":[{"href":"https:\/\/www.epilepsija.hr\/index.php?rest_route=\/wp\/v2\/types\/page"}],"author":[{"embeddable":true,"href":"https:\/\/www.epilepsija.hr\/index.php?rest_route=\/wp\/v2\/users\/1"}],"replies":[{"embeddable":true,"href":"https:\/\/www.epilepsija.hr\/index.php?rest_route=%2Fwp%2Fv2%2Fcomments&post=3185"}],"version-history":[{"count":11,"href":"https:\/\/www.epilepsija.hr\/index.php?rest_route=\/wp\/v2\/pages\/3185\/revisions"}],"predecessor-version":[{"id":3707,"href":"https:\/\/www.epilepsija.hr\/index.php?rest_route=\/wp\/v2\/pages\/3185\/revisions\/3707"}],"wp:attachment":[{"href":"https:\/\/www.epilepsija.hr\/index.php?rest_route=%2Fwp%2Fv2%2Fmedia&parent=3185"}],"curies":[{"name":"wp","href":"https:\/\/api.w.org\/{rel}","templated":true}]}}