{"id":31,"date":"2012-01-08T23:58:59","date_gmt":"2012-01-08T22:58:59","guid":{"rendered":"http:\/\/www.epilepsija.hr\/?page_id=31"},"modified":"2017-02-12T16:21:28","modified_gmt":"2017-02-12T15:21:28","slug":"kako-pomoci-osobi-koja-ima-napadaj","status":"publish","type":"page","link":"https:\/\/www.epilepsija.hr\/?page_id=31","title":{"rendered":"Kako pomo\u0107i osobi koja ima napadaj?"},"content":{"rendered":"<div>\n<div>\n<div style=\"text-align: left;\"><span style=\"font-size: small;\"><span style=\"line-height: 24px;\"><br \/>\n<\/span><\/span><\/div>\n<h1><\/h1>\n<p>Na to pitanje nije mogu\u0107e dati jedinstveni odgovor jer se epilepti\u010dki napadaji\u00a0 dosta razlikuju po svojim manifestacijama i mogu\u0107im posljedicama. Ipak, kad se postavlja to pitanje naj\u010de\u0161\u0107e se misli na \u00abveliki napadaj\u00bb (naziva se i \u00abgrand mal\u00bb ili \u00abgeneralizirani toni\u010dko-kloni\u010dki napadaj\u00bb). To je napadaj koji dovodi do gubitka svijesti i gr\u010denja tijela. Gr\u010denje mi\u0161i\u0107a ima ima toni\u010dku i kloni\u010dku fazu. U tzv. toni\u010dkoj fazi dolazi do iznenadne uko\u010denosti mi\u0161i\u0107a, a u kloni\u010dkoj fazi do ritmi\u010dkih mi\u0161i\u0107nih trzajeva. Za vrijeme napadaja dolazi do pove\u0107anog lu\u010denja sline, do promjena u boji ko\u017ee, a \u010desto i do ugriza jezika.<\/p>\n<p><span style=\"font-family: Arial;\">\u00a0<\/span><\/p>\n<p>Preporuka je da se u slu\u010daju takvih napadaja slijedi nekoliko jednostavnih savjeta:<\/p>\n<p>&nbsp;<\/p>\n<p><strong>Ne dozvolite da vas uhvati panika!<\/strong><\/p>\n<blockquote><p><em>Veliki napadaji uvijek su dramati\u010dni, no va\u017eno je da se ba\u0161 u tim situacijama sa\u010duva prisebnost i da se u\u010dini sve ono \u0161to je potrebno da se na najbolji mogu\u0107i na\u010din pomogne osobi koja ima napadaj.<\/em><\/p><\/blockquote>\n<p><strong>Ako napadaj traje du\u017ee od 5 minuta obvezatno pozvati hitnu pomo\u0107!<\/strong><\/p>\n<blockquote><p><em><span style=\"font-family: Arial;\">\u010cim napadaj zapo\u010dne potrebno je pogledati na sat i mjeriti njegovo trajanje. Ve\u0107ina napadaja zavr\u0161i za 2-3 minute i tada nije uvijek potrebno odmah zvati lije\u010dnika. No ako se radi o du\u017eem trajanju napadaja, nu\u017ena je hitna lije\u010dni\u010dka intervencija. Bez to\u010dnog gledanja na sat vrlo je te\u0161ko procijeniti du\u017einu trajanja napadaja jer u tim situacijama \u00abvrijeme ide sporije\u00bb.<\/span><\/em><\/p><\/blockquote>\n<p><span style=\"font-family: Arial;\"><strong>Sprije\u010dite tjelesne ozljede, osobito glave!<\/strong><\/span><\/p>\n<blockquote><p><em><span style=\"font-family: Arial;\">To se najbolje mo\u017ee posti\u0107i tako da se pod glavu stavi jastuk. No ako to nije mogu\u0107e, pod glavu se mo\u017ee staviti bilo kakav mekani predmet, kao npr. neki smotani dio odje\u0107e.<\/span><\/em><\/p><\/blockquote>\n<p><span style=\"font-family: Arial;\"><strong>Osobu koja ima napadaj postavite u bo\u010dni polo\u017eaj!\u00a0\u00a0\u00a0\u00a0\u00a0\u00a0\u00a0\u00a0\u00a0<\/strong><\/span><\/p>\n<blockquote><p><em><span style=\"font-family: Arial;\">Ako se radi o sna\u017enim mi\u0161i\u0107nim kontrakcijama to ne\u0107e uvijek biti lako. No polo\u017eaj na boku povoljniji je od polo\u017eaja na le\u0111ima jer se u tom polo\u017eaju bolje mo\u017ee odr\u017eati prohodnost di\u0161nih putova i u tom je polo\u017eaju znatno manja opasnost da ne\u0161to od sadr\u017eaja usne \u0161upljine (slina npr.) dospije do larinksa ili dublje prema plu\u0107ima.<\/span><\/em><\/p><\/blockquote>\n<p><span style=\"font-family: Arial;\"><strong>Ne poku\u0161avajte stavljati predmete izme\u0111u zubi!<\/strong><\/span><\/p>\n<blockquote><p><em><span style=\"font-family: Arial;\">Pogre\u0161no je vjerovanje da se stavljanjem predmeta u usta mo\u017ee sprije\u010diti ozljeda jezika. Iskustvo pokazuje da takvi poku\u0161aji mogu dovesti do dodatnih ozljeda jezika, zubi ili obraza, a ne treba zanemariti ni opasnost da strano tijelo mo\u017ee ugroziti prohodnost di\u0161nih putova.<\/span><\/em><\/p><\/blockquote>\n<p><span style=\"font-family: Arial;\"><strong>Ne poku\u0161avajte napadaj prekinuti sputavanjem mi\u0161i\u0107nih kontrakcija!<\/strong><\/span><\/p>\n<blockquote><p><em><span style=\"font-family: Arial;\">Na taj na\u010din napadaj nije mogu\u0107e prekinuti, a u slu\u010daju neopreznosti mo\u017ee do\u0107i i do dodatnih ozljeda.<\/span><\/em><\/p><\/blockquote>\n<p><span style=\"font-family: Arial;\"><strong>Dobro je da su u blizini samo osobe koje pru\u017eaju pomo\u0107!<\/strong><\/span><\/p>\n<blockquote><p><em><span style=\"font-family: Arial;\">Ako do napadaja do\u0111e u nekom javnom prostoru gdje ima vi\u0161e ljudi, objasnite im\u00a0 da se radi o epilepti\u010dkom napadaju koji \u0107e ubrzo pro\u0107i i zamolite ih da ne budu u neposrednoj blizini. Za osobu koja dolazi k svijesti nakon napadaja zbunjuju\u0107e je ako oko sebi vidi mnogo nepoznatih lica.\u00a0<\/span><\/em><\/p><\/blockquote>\n<p><span style=\"font-family: Arial;\"><strong>Za vrijeme i nakon napadaja neka va\u0161e djelovanje i na\u010din govora budu\u00a0 takvi da djeluju umiruju\u0107e!<\/strong><\/span><\/p>\n<blockquote><p><em><span style=\"font-family: Arial;\">To je osobito va\u017eno za osobu nakon \u0161to je napadaj prestao i kada postupno dolazi k svijesti prolaze\u0107i kroz fazu dezorijentacije i zbunjenosti.<\/span><\/em><\/p><\/blockquote>\n<p align=\"center\">\n<\/div>\n<p style=\"text-align: left;\" align=\"center\"><span style=\"font-size: small;\"><img loading=\"lazy\" decoding=\"async\" class=\"aligncenter size-full wp-image-878\" src=\"http:\/\/www.epilepsija.hr\/wp-content\/uploads\/prva-pomoc.jpg\" alt=\"prva pomoc\" width=\"640\" height=\"960\" srcset=\"https:\/\/www.epilepsija.hr\/wp-content\/uploads\/prva-pomoc.jpg 640w, https:\/\/www.epilepsija.hr\/wp-content\/uploads\/prva-pomoc-200x300.jpg 200w\" sizes=\"(max-width: 640px) 100vw, 640px\" \/><br \/>\n<\/span><\/p>\n<\/div>\n","protected":false},"excerpt":{"rendered":"<p>Na to pitanje nije mogu\u0107e dati jedinstveni odgovor jer se epilepti\u010dki napadaji\u00a0 dosta razlikuju po svojim manifestacijama i mogu\u0107im posljedicama. Ipak, kad se postavlja to pitanje naj\u010de\u0161\u0107e se misli na \u00abveliki napadaj\u00bb (naziva se i \u00abgrand mal\u00bb ili \u00abgeneralizirani toni\u010dko-kloni\u010dki napadaj\u00bb). To je napadaj koji dovodi do gubitka svijesti i gr\u010denja tijela. Gr\u010denje mi\u0161i\u0107a ima &hellip; <a href=\"https:\/\/www.epilepsija.hr\/?page_id=31\" class=\"more-link\">Nastavi \u010ditati <span class=\"screen-reader-text\">Kako pomo\u0107i osobi koja ima napadaj?<\/span> <span class=\"meta-nav\">&rarr;<\/span><\/a><\/p>\n","protected":false},"author":1,"featured_media":0,"parent":55,"menu_order":0,"comment_status":"closed","ping_status":"closed","template":"","meta":{"footnotes":""},"_links":{"self":[{"href":"https:\/\/www.epilepsija.hr\/index.php?rest_route=\/wp\/v2\/pages\/31"}],"collection":[{"href":"https:\/\/www.epilepsija.hr\/index.php?rest_route=\/wp\/v2\/pages"}],"about":[{"href":"https:\/\/www.epilepsija.hr\/index.php?rest_route=\/wp\/v2\/types\/page"}],"author":[{"embeddable":true,"href":"https:\/\/www.epilepsija.hr\/index.php?rest_route=\/wp\/v2\/users\/1"}],"replies":[{"embeddable":true,"href":"https:\/\/www.epilepsija.hr\/index.php?rest_route=%2Fwp%2Fv2%2Fcomments&post=31"}],"version-history":[{"count":9,"href":"https:\/\/www.epilepsija.hr\/index.php?rest_route=\/wp\/v2\/pages\/31\/revisions"}],"predecessor-version":[{"id":1942,"href":"https:\/\/www.epilepsija.hr\/index.php?rest_route=\/wp\/v2\/pages\/31\/revisions\/1942"}],"up":[{"embeddable":true,"href":"https:\/\/www.epilepsija.hr\/index.php?rest_route=\/wp\/v2\/pages\/55"}],"wp:attachment":[{"href":"https:\/\/www.epilepsija.hr\/index.php?rest_route=%2Fwp%2Fv2%2Fmedia&parent=31"}],"curies":[{"name":"wp","href":"https:\/\/api.w.org\/{rel}","templated":true}]}}