{"id":269,"date":"2012-01-29T14:59:10","date_gmt":"2012-01-29T13:59:10","guid":{"rendered":"http:\/\/www.epilepsija.hr\/?page_id=269"},"modified":"2012-02-02T08:50:15","modified_gmt":"2012-02-02T07:50:15","slug":"medunarodna-aktivnost","status":"publish","type":"page","link":"https:\/\/www.epilepsija.hr\/?page_id=269","title":{"rendered":"Me\u0111unarodna aktivnost"},"content":{"rendered":"<p>Hrvatska udruga za epilepsiju\u00a0 je \u010dlan <a title=\"Me\u0111unarodni biro za epilepsiju\" href=\"http:\/\/ibe-epilepsy.org\/\" target=\"_blank\">Me\u0111unarodnog biroa za epilepsiju\u00a0<\/a>koji okuplja 92 punopravne organizacije \u0161irom svijeta, od kojih je 35 u Europi. Godine 2011. ova je organizacija obilje\u017eila 50. obljetnicu na Kongresu o epilepsiji koji je bio odr\u017ean u Rimu. Na\u0161a Udruga aktivno je sudjelovala i predstavila se posterom.<\/p>\n<p><a href=\"http:\/\/www.epilepsija.hr\/wp-content\/uploads\/2012\/01\/IMG_26531.jpg\"><img loading=\"lazy\" decoding=\"async\" class=\"alignnone size-medium wp-image-296\" title=\"IMG_2653\" src=\"http:\/\/www.epilepsija.hr\/wp-content\/uploads\/2012\/01\/IMG_26531-225x300.jpg\" alt=\"\" width=\"225\" height=\"300\" srcset=\"https:\/\/www.epilepsija.hr\/wp-content\/uploads\/2012\/01\/IMG_26531-225x300.jpg 225w, https:\/\/www.epilepsija.hr\/wp-content\/uploads\/2012\/01\/IMG_26531-768x1024.jpg 768w, https:\/\/www.epilepsija.hr\/wp-content\/uploads\/2012\/01\/IMG_26531.jpg 1944w\" sizes=\"(max-width: 225px) 100vw, 225px\" \/><\/a>\u00a0\u00a0\u00a0\u00a0<a href=\"http:\/\/www.epilepsija.hr\/wp-content\/uploads\/2012\/01\/IMG_2650.jpg\"><img loading=\"lazy\" decoding=\"async\" class=\"alignnone size-medium wp-image-281\" title=\"Rim_2011B\" src=\"http:\/\/www.epilepsija.hr\/wp-content\/uploads\/2012\/01\/IMG_2650-300x225.jpg\" alt=\"\" width=\"300\" height=\"225\" srcset=\"https:\/\/www.epilepsija.hr\/wp-content\/uploads\/2012\/01\/IMG_2650-300x225.jpg 300w, https:\/\/www.epilepsija.hr\/wp-content\/uploads\/2012\/01\/IMG_2650-1024x768.jpg 1024w\" sizes=\"(max-width: 300px) 100vw, 300px\" \/><\/a>\u00a0\u00a0\u00a0\u00a0\u00a0\u00a0\u00a0\u00a0\u00a0\u00a0<\/p>\n<p><strong><\/strong>\u00a0<\/p>\n<p><strong>Prvi Europski dan epilepsije <\/strong><\/p>\n<p><strong>\u00a0<\/strong>14. velja\u010de 2011. se u Europskom parlamentu u Strasbourghu promovirao po prvi put Europski dan epilepsije. Predstavnica Hrvatske udruge za epilepsiju bila je g\u0111a Sanja Kobe\u0161\u0107ak koja je razgovarala je s organizatoricom doga\u0111anja g\u0111om. Ann Little, te je uspostavila i neposredan kontakt \u00a0\u00a0sa \u00a0g\u0111om. Glenis Willmott, \u010dlanicom EU Parlamenta iz Velike Britanije koja je zadu\u017eena i za pra\u0107enje zdravstvene i socijalne\u00a0skrbi u \u00a0Republici Hrvatskoj. G\u0111a. Willmott je upoznata s kojim se sve te\u0161ko\u0107ama susre\u0107u osobe s epilepsijom u Hrvatskoj, te koje su potrebe same Udruge za epilepsiju. Upoznata je i s aktivnostima koje provodi na\u0161a Udruga s ciljem da bi se djeci i osobama s epilepsijom olak\u0161ala njihova svakodnevnica i potrebe u dru\u0161tvu.<\/p>\n<p><strong>\u00a0<a href=\"http:\/\/www.epilepsija.hr\/wp-content\/uploads\/2012\/01\/IMG_5237_W1.jpg\"><img loading=\"lazy\" decoding=\"async\" class=\"alignnone size-medium wp-image-315\" title=\"IMG_5237_W[1]\" src=\"http:\/\/www.epilepsija.hr\/wp-content\/uploads\/2012\/01\/IMG_5237_W1-300x225.jpg\" alt=\"\" width=\"300\" height=\"225\" srcset=\"https:\/\/www.epilepsija.hr\/wp-content\/uploads\/2012\/01\/IMG_5237_W1-300x225.jpg 300w, https:\/\/www.epilepsija.hr\/wp-content\/uploads\/2012\/01\/IMG_5237_W1.jpg 922w\" sizes=\"(max-width: 300px) 100vw, 300px\" \/><\/a>\u00a0\u00a0\u00a0\u00a0\u00a0\u00a0\u00a0\u00a0 <a href=\"http:\/\/www.epilepsija.hr\/wp-content\/uploads\/2012\/01\/IMG_5234_W21.jpg\"><img loading=\"lazy\" decoding=\"async\" class=\"alignnone size-medium wp-image-317\" title=\"IMG_5234_W[2]\" src=\"http:\/\/www.epilepsija.hr\/wp-content\/uploads\/2012\/01\/IMG_5234_W21-300x225.jpg\" alt=\"\" width=\"300\" height=\"225\" srcset=\"https:\/\/www.epilepsija.hr\/wp-content\/uploads\/2012\/01\/IMG_5234_W21-300x225.jpg 300w, https:\/\/www.epilepsija.hr\/wp-content\/uploads\/2012\/01\/IMG_5234_W21.jpg 922w\" sizes=\"(max-width: 300px) 100vw, 300px\" \/><\/a><\/strong><\/p>\n<p><strong><\/strong>\u00a0<\/p>\n<p><strong>Radionica\u201eTreating and Living with Epilepsy\u201c<\/strong><\/p>\n<p>\u00a0U Briselu je 2011. u organizaciji EU odr\u017eana radionica &#8220;Treating and Living with Epilepsy&#8221;. Me\u0111u ostalim nazo\u010dni su bili g\u0111a Glenis Willmott. ENVI MEP&#8217;s; g\u0111a. Ann Little, Executive Director of IBE; gosp.Mike Harnor,Trustee and Executive member of the Greater Manchester Neurological Alliance, gosp.Giorgio Lo Russo,\u201cClaudio Munari\u201c,Epilepsy Surgery Center of Niguarda Hospital iz Milana; Michel Baulac, Vice President of the ILAE; Stephanie Dovergne,\u00a0osoba s\u00a0epilepsijom \u00a0iz Francuske. Predstavnica na\u0161e Udruge imala je zapa\u017eenu oralnu prezentaciju o tome kako posebno dresirani pas mo\u017ee pomo\u0107i osobi s epilepsijom (&#8220;Frida &#8211; Assistent Dog for Epilepsy&#8221;).<\/p>\n<p>\u00a0<a href=\"http:\/\/www.epilepsija.hr\/wp-content\/uploads\/2012\/01\/IMG_0768.jpg\"><img loading=\"lazy\" decoding=\"async\" class=\"alignnone size-medium wp-image-307\" title=\"IMG_0768\" src=\"http:\/\/www.epilepsija.hr\/wp-content\/uploads\/2012\/01\/IMG_0768-300x225.jpg\" alt=\"\" width=\"300\" height=\"225\" srcset=\"https:\/\/www.epilepsija.hr\/wp-content\/uploads\/2012\/01\/IMG_0768-300x225.jpg 300w, https:\/\/www.epilepsija.hr\/wp-content\/uploads\/2012\/01\/IMG_0768-1024x768.jpg 1024w\" sizes=\"(max-width: 300px) 100vw, 300px\" \/><\/a>\u00a0\u00a0\u00a0\u00a0\u00a0\u00a0\u00a0\u00a0\u00a0\u00a0\u00a0\u00a0\u00a0\u00a0<a href=\"http:\/\/www.epilepsija.hr\/wp-content\/uploads\/2012\/01\/IMG_0766.jpg\"><img loading=\"lazy\" decoding=\"async\" class=\"alignnone size-medium wp-image-308\" title=\"IMG_0766\" src=\"http:\/\/www.epilepsija.hr\/wp-content\/uploads\/2012\/01\/IMG_0766-300x225.jpg\" alt=\"\" width=\"300\" height=\"225\" srcset=\"https:\/\/www.epilepsija.hr\/wp-content\/uploads\/2012\/01\/IMG_0766-300x225.jpg 300w, https:\/\/www.epilepsija.hr\/wp-content\/uploads\/2012\/01\/IMG_0766-1024x768.jpg 1024w\" sizes=\"(max-width: 300px) 100vw, 300px\" \/><\/a><\/p>\n<p><strong><\/strong>\u00a0<\/p>\n<p><strong><\/strong>\u00a0<\/p>\n<p><strong><\/strong>\u00a0<\/p>\n<p><strong><\/strong>\u00a0<\/p>\n<p><strong><\/strong>\u00a0<\/p>\n<p><strong><\/strong>\u00a0<\/p>\n<p><strong><\/strong>\u00a0<\/p>\n<p>&nbsp;<\/p>\n","protected":false},"excerpt":{"rendered":"<p>Hrvatska udruga za epilepsiju\u00a0 je \u010dlan Me\u0111unarodnog biroa za epilepsiju\u00a0koji okuplja 92 punopravne organizacije \u0161irom svijeta, od kojih je 35 u Europi. Godine 2011. ova je organizacija obilje\u017eila 50. obljetnicu na Kongresu o epilepsiji koji je bio odr\u017ean u Rimu. Na\u0161a Udruga aktivno je sudjelovala i predstavila se posterom. \u00a0\u00a0\u00a0\u00a0\u00a0\u00a0\u00a0\u00a0\u00a0\u00a0\u00a0\u00a0\u00a0\u00a0 \u00a0 Prvi Europski dan epilepsije &hellip; <a href=\"https:\/\/www.epilepsija.hr\/?page_id=269\" class=\"more-link\">Nastavi \u010ditati <span class=\"screen-reader-text\">Me\u0111unarodna aktivnost<\/span> <span class=\"meta-nav\">&rarr;<\/span><\/a><\/p>\n","protected":false},"author":1,"featured_media":0,"parent":100,"menu_order":6,"comment_status":"closed","ping_status":"closed","template":"","meta":{"footnotes":""},"_links":{"self":[{"href":"https:\/\/www.epilepsija.hr\/index.php?rest_route=\/wp\/v2\/pages\/269"}],"collection":[{"href":"https:\/\/www.epilepsija.hr\/index.php?rest_route=\/wp\/v2\/pages"}],"about":[{"href":"https:\/\/www.epilepsija.hr\/index.php?rest_route=\/wp\/v2\/types\/page"}],"author":[{"embeddable":true,"href":"https:\/\/www.epilepsija.hr\/index.php?rest_route=\/wp\/v2\/users\/1"}],"replies":[{"embeddable":true,"href":"https:\/\/www.epilepsija.hr\/index.php?rest_route=%2Fwp%2Fv2%2Fcomments&post=269"}],"version-history":[{"count":21,"href":"https:\/\/www.epilepsija.hr\/index.php?rest_route=\/wp\/v2\/pages\/269\/revisions"}],"predecessor-version":[{"id":278,"href":"https:\/\/www.epilepsija.hr\/index.php?rest_route=\/wp\/v2\/pages\/269\/revisions\/278"}],"up":[{"embeddable":true,"href":"https:\/\/www.epilepsija.hr\/index.php?rest_route=\/wp\/v2\/pages\/100"}],"wp:attachment":[{"href":"https:\/\/www.epilepsija.hr\/index.php?rest_route=%2Fwp%2Fv2%2Fmedia&parent=269"}],"curies":[{"name":"wp","href":"https:\/\/api.w.org\/{rel}","templated":true}]}}