{"id":15,"date":"2012-01-08T13:32:42","date_gmt":"2012-01-08T12:32:42","guid":{"rendered":"http:\/\/www.epilepsija.hr\/?page_id=15"},"modified":"2013-08-19T16:21:54","modified_gmt":"2013-08-19T15:21:54","slug":"osnovne-informacije","status":"publish","type":"page","link":"https:\/\/www.epilepsija.hr\/?page_id=15","title":{"rendered":"Osnovne informacije"},"content":{"rendered":"<p><strong>\u00a0\u00a0\u00a0\u00a0\u00a0\u00a0 \u0160to je epilepsija?<\/strong><\/p>\n<p>&nbsp;<\/p>\n<p style=\"padding-left: 30px;\">Epilepsija je poreme\u0107aj funkcije mozga koji se klini\u010dki o\u010dituje napadajima. Oni se pojavljuju u razli\u010ditim vremenskim razmacima, a naj\u010de\u0161\u0107e se mogu prepoznati po karakteristi\u010dnim simptomima. Ipak, u njihovom razlikovanju od drugih sli\u010dnih stanja od najve\u0107e je va\u017enosti EEG (elektroencefalografija). Tom metodom mogu se otkriti posebne vrste nepravilnosti u radu mo\u017edanih stanica koje dovode do epilepti\u010dkih napadaja.<\/p>\n<p>&nbsp;<\/p>\n<p><strong>\u00a0\u00a0\u00a0\u00a0\u00a0\u00a0 Koji su uzroci?<\/strong><\/p>\n<p>&nbsp;<\/p>\n<p style=\"padding-left: 30px;\">Gotovo svaka bolest ili ozljeda mozga mo\u017ee uzrokovati epilepsiju, osobito ako dovodi do o\u0161te\u0107enja kore velikog mozga. \u010cesti su i slu\u010dajevi kad se ni najsuvremenijim metodama pretraga u tkivu mozga ne nalazi nikakvi znaci bolesti. Smatra se da je u takvoj situaciji najva\u017enija genetska osjetljivost, pa se tada epilepsija mo\u017ee javiti ne samo kod jednog \u010dlana obitelji. Premda se ponekad susre\u0107e, ta pojava ipak je razmjerno rijetka.<\/p>\n<p>&nbsp;<\/p>\n<p><strong>\u00a0\u00a0\u00a0\u00a0\u00a0\u00a0 Kolika je u\u010destalost?<\/strong><\/p>\n<p>&nbsp;<\/p>\n<p style=\"padding-left: 30px;\">Prema\u00a0Europskoj deklaraciji o epilepsiji iz 2011. godine, smatra se da u Europi oko 6 mijuna ljudi ima epilepsiju, a novodijagnosticiranih\u00a0slu\u010dajeva svake godine ima oko 300 tisu\u0107a.<\/p>\n<p style=\"padding-left: 30px;\">Ako se primijene sli\u010dni epidemiolo\u0161ki kriteriji, u Hrvatskoj epilepsiju imao oko 40.000 ljudi.<\/p>\n<p style=\"padding-left: 30px;\">\u00a0<\/p>\n<p style=\"padding-left: 30px;\"><strong>Kako se postavlja dijagnoza?<\/strong><\/p>\n<p>&nbsp;<\/p>\n<p style=\"padding-left: 30px;\">Dijagnoza se postavlja na temelju simptoma napadaja i nalaza elektroencefalografije (EEG). Lije\u010dnik naj\u010de\u0161\u0107e nije u prilici osobno vidjeti napadaj, pa mu je potreban podroban i pouzdan opis napadaja i okolnosti u kojima se pojavljuju. Vrlo je va\u017ean i iskaz o\u010devidaca jer osoba koja je imala napadaj \u010desto zbog poreme\u0107aja svijesti nije u stanju to\u010dno opisati \u0161to se dogodilo.\u00a0U gotovo svim slu\u010dajevima potrebno je uz EEG u\u010diniti i MR (magnetnu rezonanciju) ili CT (kompjuteriziranu tomografiju) mozga, EKG (elektrokardiografiju) i laboratorijske testove.<\/p>\n<p>&nbsp;<\/p>\n<p><strong>\u00a0\u00a0\u00a0\u00a0\u00a0 Je li mogu\u0107a dijagnoza epilepsije ako je EEG normalan?<\/strong><\/p>\n<p>&nbsp;<\/p>\n<p style=\"padding-left: 30px;\">Standardno EEG snimanje \u010desto daje normalne nalaze kod osoba koje imaju sigurnu dijagnozu epilepsije. Me\u0111utim, nakon vi\u0161ekratnih i produ\u017eenih snimanja, nakon snimanja u posebnim okolnostima i primjenom posebnih tehnika, taj broj znatno se smanjuje. Ipak, kod cca 5-10 % oboljelih karakteristi\u010dne abnormalnosti u EEG-u mogle bi se na\u0107i tek ako bi se primjenile invazivne tehnike koje uklju\u010duju i operetivne zahvate.<\/p>\n<p>&nbsp;<\/p>\n<p><strong>\u00a0\u00a0\u00a0\u00a0\u00a0\u00a0Tko postavlja dijagnozu?<\/strong><\/p>\n<p>&nbsp;<\/p>\n<p style=\"padding-left: 30px;\">Kona\u010dnu dijagnozu postavlja lije\u010dnik specijalist koji ima adekvatno teorijsko i prakti\u010dko znanje. Obi\u010dno je to neurolog ili neuropedijatar.<\/p>\n<p>&nbsp;<\/p>\n<p><strong>\u00a0\u00a0\u00a0\u00a0\u00a0\u00a0 Kakvi su izgledi lije\u010denja?<\/strong><\/p>\n<p>&nbsp;<\/p>\n<p style=\"padding-left: 30px;\">Epilepsija je poreme\u0107aj koji prati vrlo razli\u010dite bolesti i stanja. Stoga su i izgledi lije\u010denja vrlo razli\u010diti i ovise o konkretnim okolnostima koje su dovele do epilepsije. Ipak, kad se analiziraju rezultati lije\u010denja kod velikog broja osoba s razli\u010ditim oblicima epilepsije, mo\u017ee se re\u0107i da se da se napadaji ne pojavljuju kod cca 2\/3 onih koji redovito uzimaju terapiju.<\/p>\n","protected":false},"excerpt":{"rendered":"<p>\u00a0\u00a0\u00a0\u00a0\u00a0\u00a0 \u0160to je epilepsija? &nbsp; Epilepsija je poreme\u0107aj funkcije mozga koji se klini\u010dki o\u010dituje napadajima. Oni se pojavljuju u razli\u010ditim vremenskim razmacima, a naj\u010de\u0161\u0107e se mogu prepoznati po karakteristi\u010dnim simptomima. Ipak, u njihovom razlikovanju od drugih sli\u010dnih stanja od najve\u0107e je va\u017enosti EEG (elektroencefalografija). Tom metodom mogu se otkriti posebne vrste nepravilnosti u radu mo\u017edanih &hellip; <a href=\"https:\/\/www.epilepsija.hr\/?page_id=15\" class=\"more-link\">Nastavi \u010ditati <span class=\"screen-reader-text\">Osnovne informacije<\/span> <span class=\"meta-nav\">&rarr;<\/span><\/a><\/p>\n","protected":false},"author":1,"featured_media":0,"parent":55,"menu_order":0,"comment_status":"closed","ping_status":"open","template":"","meta":{"footnotes":""},"_links":{"self":[{"href":"https:\/\/www.epilepsija.hr\/index.php?rest_route=\/wp\/v2\/pages\/15"}],"collection":[{"href":"https:\/\/www.epilepsija.hr\/index.php?rest_route=\/wp\/v2\/pages"}],"about":[{"href":"https:\/\/www.epilepsija.hr\/index.php?rest_route=\/wp\/v2\/types\/page"}],"author":[{"embeddable":true,"href":"https:\/\/www.epilepsija.hr\/index.php?rest_route=\/wp\/v2\/users\/1"}],"replies":[{"embeddable":true,"href":"https:\/\/www.epilepsija.hr\/index.php?rest_route=%2Fwp%2Fv2%2Fcomments&post=15"}],"version-history":[{"count":10,"href":"https:\/\/www.epilepsija.hr\/index.php?rest_route=\/wp\/v2\/pages\/15\/revisions"}],"predecessor-version":[{"id":17,"href":"https:\/\/www.epilepsija.hr\/index.php?rest_route=\/wp\/v2\/pages\/15\/revisions\/17"}],"up":[{"embeddable":true,"href":"https:\/\/www.epilepsija.hr\/index.php?rest_route=\/wp\/v2\/pages\/55"}],"wp:attachment":[{"href":"https:\/\/www.epilepsija.hr\/index.php?rest_route=%2Fwp%2Fv2%2Fmedia&parent=15"}],"curies":[{"name":"wp","href":"https:\/\/api.w.org\/{rel}","templated":true}]}}