{"id":100,"date":"2012-01-09T19:43:44","date_gmt":"2012-01-09T18:43:44","guid":{"rendered":"http:\/\/www.epilepsija.hr\/?page_id=100"},"modified":"2012-02-02T10:04:44","modified_gmt":"2012-02-02T09:04:44","slug":"aktivnosti","status":"publish","type":"page","link":"https:\/\/www.epilepsija.hr\/?page_id=100","title":{"rendered":"Aktivnosti"},"content":{"rendered":"<p style=\"text-align: center;\"><a title=\"Sastanci\" href=\"http:\/\/www.epilepsija.hr\/?page_id=102\">Sastanci, savjetovali\u0161te<\/a><\/p>\n<p style=\"text-align: center;\"><a title=\"Kampovi\" href=\"http:\/\/www.epilepsija.hr\/?page_id=157\">Kampovi<\/a><\/p>\n<p style=\"text-align: center;\"><a title=\"Ljubi\u010dasti dan\" href=\"http:\/\/www.epilepsija.hr\/?page_id=248\">Ljubi\u010dasti dan<\/a><\/p>\n<p style=\"text-align: center;\"><a title=\"Publikacije\" href=\"http:\/\/www.epilepsija.hr\/?page_id=35\">Publikacije<\/a><\/p>\n<p style=\"text-align: center;\"><a title=\"Me\u0111unarodna aktivnost\" href=\"http:\/\/www.epilepsija.hr\/?page_id=269\">Me\u0111unarodna aktivnost<\/a><\/p>\n<p style=\"text-align: center;\">\u00a0<\/p>\n<p style=\"text-align: center;\">\u00a0<\/p>\n","protected":false},"excerpt":{"rendered":"<p>Sastanci, savjetovali\u0161te Kampovi Ljubi\u010dasti dan Publikacije Me\u0111unarodna aktivnost \u00a0 \u00a0<\/p>\n","protected":false},"author":1,"featured_media":0,"parent":0,"menu_order":5,"comment_status":"closed","ping_status":"open","template":"","meta":{"footnotes":""},"_links":{"self":[{"href":"https:\/\/www.epilepsija.hr\/index.php?rest_route=\/wp\/v2\/pages\/100"}],"collection":[{"href":"https:\/\/www.epilepsija.hr\/index.php?rest_route=\/wp\/v2\/pages"}],"about":[{"href":"https:\/\/www.epilepsija.hr\/index.php?rest_route=\/wp\/v2\/types\/page"}],"author":[{"embeddable":true,"href":"https:\/\/www.epilepsija.hr\/index.php?rest_route=\/wp\/v2\/users\/1"}],"replies":[{"embeddable":true,"href":"https:\/\/www.epilepsija.hr\/index.php?rest_route=%2Fwp%2Fv2%2Fcomments&post=100"}],"version-history":[{"count":11,"href":"https:\/\/www.epilepsija.hr\/index.php?rest_route=\/wp\/v2\/pages\/100\/revisions"}],"predecessor-version":[{"id":111,"href":"https:\/\/www.epilepsija.hr\/index.php?rest_route=\/wp\/v2\/pages\/100\/revisions\/111"}],"wp:attachment":[{"href":"https:\/\/www.epilepsija.hr\/index.php?rest_route=%2Fwp%2Fv2%2Fmedia&parent=100"}],"curies":[{"name":"wp","href":"https:\/\/api.w.org\/{rel}","templated":true}]}}